{"id":2,"date":"2015-02-01T17:59:08","date_gmt":"2015-02-01T17:59:08","guid":{"rendered":"http:\/\/partyraum-roos.ch\/?page_id=2"},"modified":"2023-02-14T04:29:15","modified_gmt":"2023-02-14T04:29:15","slug":"beispiel-seite","status":"publish","type":"page","link":"https:\/\/partyraum-roos.ch\/","title":{"rendered":""},"content":{"rendered":"<p><img loading=\"lazy\" decoding=\"async\" class=\" size-medium wp-image-79 alignright\" src=\"http:\/\/partyraum-roos.ch\/wp-content\/uploads\/2015\/02\/365-200x300.jpg\" alt=\"365\" width=\"200\" height=\"300\" srcset=\"https:\/\/partyraum-roos.ch\/wp-content\/uploads\/2015\/02\/365-200x300.jpg 200w, https:\/\/partyraum-roos.ch\/wp-content\/uploads\/2015\/02\/365-683x1024.jpg 683w\" sizes=\"auto, (max-width: 200px) 100vw, 200px\" \/>Herzlich Willkommen auf der Website vom Partyraum Roos.<\/p>\n<p>Der Partyraum wurde 2013 neu gebaut. Er befindet sich in Buttisholz im Kanton Luzern.<\/p>\n<p>Unser Partyraum ist f\u00fcr Sie die richtige Wahl, sei es eine Hochzeit, ein Firmenanlass, eine Geburtstagsparty oder einfach gem\u00fctliches Beisammensein. Im Winter sorgt eine leistungsf\u00e4hige Heizung f\u00fcr ein angenehmes Raumklima. Es sind ebenfalls reichlich Parkpl\u00e4tze vorhanden.<\/p>\n<p>&nbsp;<\/p>\n<p>&nbsp;<\/p>\n<p>&nbsp;<\/p>\n","protected":false},"excerpt":{"rendered":"<p>Herzlich Willkommen auf der Website vom Partyraum Roos. Der Partyraum wurde 2013 neu gebaut. Er befindet sich in Buttisholz im Kanton Luzern. Unser Partyraum ist f\u00fcr Sie die richtige Wahl, sei es eine Hochzeit, ein Firmenanlass, eine Geburtstagsparty oder einfach gem\u00fctliches Beisammensein. Im Winter sorgt eine leistungsf\u00e4hige Heizung f\u00fcr ein angenehmes Raumklima. Es sind ebenfalls [&hellip;]<\/p>\n","protected":false},"author":1,"featured_media":0,"parent":0,"menu_order":0,"comment_status":"open","ping_status":"open","template":"","meta":{"ngg_post_thumbnail":0,"footnotes":""},"class_list":["post-2","page","type-page","status-publish","hentry"],"_links":{"self":[{"href":"https:\/\/partyraum-roos.ch\/index.php?rest_route=\/wp\/v2\/pages\/2","targetHints":{"allow":["GET"]}}],"collection":[{"href":"https:\/\/partyraum-roos.ch\/index.php?rest_route=\/wp\/v2\/pages"}],"about":[{"href":"https:\/\/partyraum-roos.ch\/index.php?rest_route=\/wp\/v2\/types\/page"}],"author":[{"embeddable":true,"href":"https:\/\/partyraum-roos.ch\/index.php?rest_route=\/wp\/v2\/users\/1"}],"replies":[{"embeddable":true,"href":"https:\/\/partyraum-roos.ch\/index.php?rest_route=%2Fwp%2Fv2%2Fcomments&post=2"}],"version-history":[{"count":15,"href":"https:\/\/partyraum-roos.ch\/index.php?rest_route=\/wp\/v2\/pages\/2\/revisions"}],"predecessor-version":[{"id":893,"href":"https:\/\/partyraum-roos.ch\/index.php?rest_route=\/wp\/v2\/pages\/2\/revisions\/893"}],"wp:attachment":[{"href":"https:\/\/partyraum-roos.ch\/index.php?rest_route=%2Fwp%2Fv2%2Fmedia&parent=2"}],"curies":[{"name":"wp","href":"https:\/\/api.w.org\/{rel}","templated":true}]}}