{"id":66,"date":"2015-02-08T20:09:08","date_gmt":"2015-02-08T20:09:08","guid":{"rendered":"http:\/\/partyraum-roos.ch\/?page_id=66"},"modified":"2025-11-04T13:13:04","modified_gmt":"2025-11-04T13:13:04","slug":"partyraum","status":"publish","type":"page","link":"https:\/\/partyraum-roos.ch\/?page_id=66","title":{"rendered":"Partyraum"},"content":{"rendered":"<p>Unser Partyraum ist sehr gross und bietet Platz f\u00fcr max. 100 Personen. Der Raum hat zus\u00e4tzlich eine Galerie welche mit einer Lounge ausgestattet ist.<\/p>\n<p>Ein Balkon l\u00e4dt zum Verweilen ein.<\/p>\n<p>Es sind 12 Tische (90 x 250 cm) vorhanden. Zus\u00e4tzlich sind noch vier Steh-Bar-Tische verf\u00fcgbar.<\/p>\n<p>&nbsp;<\/p>\n<p><!-- index.php -->\n<div\n\tclass=\"ngg-galleryoverview\n\t ngg-ajax-pagination-none\t\"\n\tid=\"ngg-gallery-38570c37f84ae83d473c6ca6f47e283f-1\">\n\n\t\t<div class=\"slideshowlink\">\n\t\t<a href='https:\/\/partyraum-roos.ch\/index.php\/nggallery\/slideshow?page_id=66'>[Zeige als Diashow]<\/a>\n\n\t<\/div>\n\t\t\t<!-- Thumbnails -->\n\t\t\t\t<div id=\"ngg-image-0\" class=\"ngg-gallery-thumbnail-box\"\n\t\t\t\t\t\t\t\t\t\t\t>\n\t\t\t\t\t\t<div class=\"ngg-gallery-thumbnail\">\n\t\t\t<a href=\"https:\/\/partyraum-roos.ch\/wp-content\/gallery\/gallerie\/377.jpg\"\n\t\t\t\ttitle=\"\"\n\t\t\t\tdata-src=\"https:\/\/partyraum-roos.ch\/wp-content\/gallery\/gallerie\/377.jpg\"\n\t\t\t\tdata-thumbnail=\"https:\/\/partyraum-roos.ch\/wp-content\/gallery\/gallerie\/thumbs\/thumbs_377.jpg\"\n\t\t\t\tdata-image-id=\"2\"\n\t\t\t\tdata-title=\"377.jpg\"\n\t\t\t\tdata-description=\"\"\n\t\t\t\tdata-image-slug=\"377-jpg\"\n\t\t\t\tclass=\"ngg-fancybox\" rel=\"38570c37f84ae83d473c6ca6f47e283f\">\n\t\t\t\t<img\n\t\t\t\t\ttitle=\"377.jpg\"\n\t\t\t\t\talt=\"377.jpg\"\n\t\t\t\t\tsrc=\"https:\/\/partyraum-roos.ch\/wp-content\/gallery\/gallerie\/thumbs\/thumbs_377.jpg\"\n\t\t\t\t\twidth=\"120\"\n\t\t\t\t\theight=\"90\"\n\t\t\t\t\tstyle=\"max-width:100%;\"\n\t\t\t\t\/>\n\t\t\t<\/a>\n\t\t<\/div>\n\t\t\t\t\t\t\t<\/div>\n\t\t\t\n\t\t\n\t\t\t\t<div id=\"ngg-image-1\" class=\"ngg-gallery-thumbnail-box\"\n\t\t\t\t\t\t\t\t\t\t\t>\n\t\t\t\t\t\t<div class=\"ngg-gallery-thumbnail\">\n\t\t\t<a href=\"https:\/\/partyraum-roos.ch\/wp-content\/gallery\/gallerie\/380.jpg\"\n\t\t\t\ttitle=\"\"\n\t\t\t\tdata-src=\"https:\/\/partyraum-roos.ch\/wp-content\/gallery\/gallerie\/380.jpg\"\n\t\t\t\tdata-thumbnail=\"https:\/\/partyraum-roos.ch\/wp-content\/gallery\/gallerie\/thumbs\/thumbs_380.jpg\"\n\t\t\t\tdata-image-id=\"3\"\n\t\t\t\tdata-title=\"380.jpg\"\n\t\t\t\tdata-description=\"\"\n\t\t\t\tdata-image-slug=\"380-jpg\"\n\t\t\t\tclass=\"ngg-fancybox\" rel=\"38570c37f84ae83d473c6ca6f47e283f\">\n\t\t\t\t<img\n\t\t\t\t\ttitle=\"380.jpg\"\n\t\t\t\t\talt=\"380.jpg\"\n\t\t\t\t\tsrc=\"https:\/\/partyraum-roos.ch\/wp-content\/gallery\/gallerie\/thumbs\/thumbs_380.jpg\"\n\t\t\t\t\twidth=\"120\"\n\t\t\t\t\theight=\"90\"\n\t\t\t\t\tstyle=\"max-width:100%;\"\n\t\t\t\t\/>\n\t\t\t<\/a>\n\t\t<\/div>\n\t\t\t\t\t\t\t<\/div>\n\t\t\t\n\t\t\n\t\t\t\t<div id=\"ngg-image-2\" class=\"ngg-gallery-thumbnail-box\"\n\t\t\t\t\t\t\t\t\t\t\t>\n\t\t\t\t\t\t<div class=\"ngg-gallery-thumbnail\">\n\t\t\t<a href=\"https:\/\/partyraum-roos.ch\/wp-content\/gallery\/gallerie\/DSC03606.JPG\"\n\t\t\t\ttitle=\"SONY DSC\"\n\t\t\t\tdata-src=\"https:\/\/partyraum-roos.ch\/wp-content\/gallery\/gallerie\/DSC03606.JPG\"\n\t\t\t\tdata-thumbnail=\"https:\/\/partyraum-roos.ch\/wp-content\/gallery\/gallerie\/thumbs\/thumbs_DSC03606.JPG\"\n\t\t\t\tdata-image-id=\"5\"\n\t\t\t\tdata-title=\"SONY DSC\"\n\t\t\t\tdata-description=\"SONY DSC\"\n\t\t\t\tdata-image-slug=\"dsc03606-jpg\"\n\t\t\t\tclass=\"ngg-fancybox\" rel=\"38570c37f84ae83d473c6ca6f47e283f\">\n\t\t\t\t<img\n\t\t\t\t\ttitle=\"SONY DSC\"\n\t\t\t\t\talt=\"SONY DSC\"\n\t\t\t\t\tsrc=\"https:\/\/partyraum-roos.ch\/wp-content\/gallery\/gallerie\/thumbs\/thumbs_DSC03606.JPG\"\n\t\t\t\t\twidth=\"120\"\n\t\t\t\t\theight=\"90\"\n\t\t\t\t\tstyle=\"max-width:100%;\"\n\t\t\t\t\/>\n\t\t\t<\/a>\n\t\t<\/div>\n\t\t\t\t\t\t\t<\/div>\n\t\t\t\n\t\t\n\t\t\t\t<div id=\"ngg-image-3\" class=\"ngg-gallery-thumbnail-box\"\n\t\t\t\t\t\t\t\t\t\t\t>\n\t\t\t\t\t\t<div class=\"ngg-gallery-thumbnail\">\n\t\t\t<a href=\"https:\/\/partyraum-roos.ch\/wp-content\/gallery\/gallerie\/DSC04047.jpg\"\n\t\t\t\ttitle=\"\"\n\t\t\t\tdata-src=\"https:\/\/partyraum-roos.ch\/wp-content\/gallery\/gallerie\/DSC04047.jpg\"\n\t\t\t\tdata-thumbnail=\"https:\/\/partyraum-roos.ch\/wp-content\/gallery\/gallerie\/thumbs\/thumbs_DSC04047.jpg\"\n\t\t\t\tdata-image-id=\"6\"\n\t\t\t\tdata-title=\"DSC04047.jpg\"\n\t\t\t\tdata-description=\"\"\n\t\t\t\tdata-image-slug=\"dsc04047-jpg\"\n\t\t\t\tclass=\"ngg-fancybox\" rel=\"38570c37f84ae83d473c6ca6f47e283f\">\n\t\t\t\t<img\n\t\t\t\t\ttitle=\"DSC04047.jpg\"\n\t\t\t\t\talt=\"DSC04047.jpg\"\n\t\t\t\t\tsrc=\"https:\/\/partyraum-roos.ch\/wp-content\/gallery\/gallerie\/thumbs\/thumbs_DSC04047.jpg\"\n\t\t\t\t\twidth=\"120\"\n\t\t\t\t\theight=\"90\"\n\t\t\t\t\tstyle=\"max-width:100%;\"\n\t\t\t\t\/>\n\t\t\t<\/a>\n\t\t<\/div>\n\t\t\t\t\t\t\t<\/div>\n\t\t\t\n\t\t\n\t\t\t\t<div id=\"ngg-image-4\" class=\"ngg-gallery-thumbnail-box\"\n\t\t\t\t\t\t\t\t\t\t\t>\n\t\t\t\t\t\t<div class=\"ngg-gallery-thumbnail\">\n\t\t\t<a href=\"https:\/\/partyraum-roos.ch\/wp-content\/gallery\/gallerie\/DSC04048.jpg\"\n\t\t\t\ttitle=\"\"\n\t\t\t\tdata-src=\"https:\/\/partyraum-roos.ch\/wp-content\/gallery\/gallerie\/DSC04048.jpg\"\n\t\t\t\tdata-thumbnail=\"https:\/\/partyraum-roos.ch\/wp-content\/gallery\/gallerie\/thumbs\/thumbs_DSC04048.jpg\"\n\t\t\t\tdata-image-id=\"7\"\n\t\t\t\tdata-title=\"DSC04048.jpg\"\n\t\t\t\tdata-description=\"\"\n\t\t\t\tdata-image-slug=\"dsc04048-jpg\"\n\t\t\t\tclass=\"ngg-fancybox\" rel=\"38570c37f84ae83d473c6ca6f47e283f\">\n\t\t\t\t<img\n\t\t\t\t\ttitle=\"DSC04048.jpg\"\n\t\t\t\t\talt=\"DSC04048.jpg\"\n\t\t\t\t\tsrc=\"https:\/\/partyraum-roos.ch\/wp-content\/gallery\/gallerie\/thumbs\/thumbs_DSC04048.jpg\"\n\t\t\t\t\twidth=\"120\"\n\t\t\t\t\theight=\"90\"\n\t\t\t\t\tstyle=\"max-width:100%;\"\n\t\t\t\t\/>\n\t\t\t<\/a>\n\t\t<\/div>\n\t\t\t\t\t\t\t<\/div>\n\t\t\t\n\t\t\n\t\t\t\t<div id=\"ngg-image-5\" class=\"ngg-gallery-thumbnail-box\"\n\t\t\t\t\t\t\t\t\t\t\t>\n\t\t\t\t\t\t<div class=\"ngg-gallery-thumbnail\">\n\t\t\t<a href=\"https:\/\/partyraum-roos.ch\/wp-content\/gallery\/gallerie\/DSC04049.jpg\"\n\t\t\t\ttitle=\"\"\n\t\t\t\tdata-src=\"https:\/\/partyraum-roos.ch\/wp-content\/gallery\/gallerie\/DSC04049.jpg\"\n\t\t\t\tdata-thumbnail=\"https:\/\/partyraum-roos.ch\/wp-content\/gallery\/gallerie\/thumbs\/thumbs_DSC04049.jpg\"\n\t\t\t\tdata-image-id=\"8\"\n\t\t\t\tdata-title=\"DSC04049.jpg\"\n\t\t\t\tdata-description=\"\"\n\t\t\t\tdata-image-slug=\"dsc04049-jpg\"\n\t\t\t\tclass=\"ngg-fancybox\" rel=\"38570c37f84ae83d473c6ca6f47e283f\">\n\t\t\t\t<img\n\t\t\t\t\ttitle=\"DSC04049.jpg\"\n\t\t\t\t\talt=\"DSC04049.jpg\"\n\t\t\t\t\tsrc=\"https:\/\/partyraum-roos.ch\/wp-content\/gallery\/gallerie\/thumbs\/thumbs_DSC04049.jpg\"\n\t\t\t\t\twidth=\"120\"\n\t\t\t\t\theight=\"90\"\n\t\t\t\t\tstyle=\"max-width:100%;\"\n\t\t\t\t\/>\n\t\t\t<\/a>\n\t\t<\/div>\n\t\t\t\t\t\t\t<\/div>\n\t\t\t\n\t\t\n\t\t\t\t<div id=\"ngg-image-6\" class=\"ngg-gallery-thumbnail-box\"\n\t\t\t\t\t\t\t\t\t\t\t>\n\t\t\t\t\t\t<div class=\"ngg-gallery-thumbnail\">\n\t\t\t<a href=\"https:\/\/partyraum-roos.ch\/wp-content\/gallery\/gallerie\/DSC09129.JPG\"\n\t\t\t\ttitle=\"\"\n\t\t\t\tdata-src=\"https:\/\/partyraum-roos.ch\/wp-content\/gallery\/gallerie\/DSC09129.JPG\"\n\t\t\t\tdata-thumbnail=\"https:\/\/partyraum-roos.ch\/wp-content\/gallery\/gallerie\/thumbs\/thumbs_DSC09129.JPG\"\n\t\t\t\tdata-image-id=\"9\"\n\t\t\t\tdata-title=\"SONY DSC\"\n\t\t\t\tdata-description=\"\"\n\t\t\t\tdata-image-slug=\"dsc09129-jpg\"\n\t\t\t\tclass=\"ngg-fancybox\" rel=\"38570c37f84ae83d473c6ca6f47e283f\">\n\t\t\t\t<img\n\t\t\t\t\ttitle=\"SONY DSC\"\n\t\t\t\t\talt=\"SONY DSC\"\n\t\t\t\t\tsrc=\"https:\/\/partyraum-roos.ch\/wp-content\/gallery\/gallerie\/thumbs\/thumbs_DSC09129.JPG\"\n\t\t\t\t\twidth=\"120\"\n\t\t\t\t\theight=\"90\"\n\t\t\t\t\tstyle=\"max-width:100%;\"\n\t\t\t\t\/>\n\t\t\t<\/a>\n\t\t<\/div>\n\t\t\t\t\t\t\t<\/div>\n\t\t\t\n\t\t\n\t\t\t\t<div id=\"ngg-image-7\" class=\"ngg-gallery-thumbnail-box\"\n\t\t\t\t\t\t\t\t\t\t\t>\n\t\t\t\t\t\t<div class=\"ngg-gallery-thumbnail\">\n\t\t\t<a href=\"https:\/\/partyraum-roos.ch\/wp-content\/gallery\/gallerie\/DSC09130.JPG\"\n\t\t\t\ttitle=\"\"\n\t\t\t\tdata-src=\"https:\/\/partyraum-roos.ch\/wp-content\/gallery\/gallerie\/DSC09130.JPG\"\n\t\t\t\tdata-thumbnail=\"https:\/\/partyraum-roos.ch\/wp-content\/gallery\/gallerie\/thumbs\/thumbs_DSC09130.JPG\"\n\t\t\t\tdata-image-id=\"10\"\n\t\t\t\tdata-title=\"SONY DSC\"\n\t\t\t\tdata-description=\"\"\n\t\t\t\tdata-image-slug=\"dsc09130-jpg\"\n\t\t\t\tclass=\"ngg-fancybox\" rel=\"38570c37f84ae83d473c6ca6f47e283f\">\n\t\t\t\t<img\n\t\t\t\t\ttitle=\"SONY DSC\"\n\t\t\t\t\talt=\"SONY DSC\"\n\t\t\t\t\tsrc=\"https:\/\/partyraum-roos.ch\/wp-content\/gallery\/gallerie\/thumbs\/thumbs_DSC09130.JPG\"\n\t\t\t\t\twidth=\"120\"\n\t\t\t\t\theight=\"90\"\n\t\t\t\t\tstyle=\"max-width:100%;\"\n\t\t\t\t\/>\n\t\t\t<\/a>\n\t\t<\/div>\n\t\t\t\t\t\t\t<\/div>\n\t\t\t\n\t\t\n\t\t\t\t<div id=\"ngg-image-8\" class=\"ngg-gallery-thumbnail-box\"\n\t\t\t\t\t\t\t\t\t\t\t>\n\t\t\t\t\t\t<div class=\"ngg-gallery-thumbnail\">\n\t\t\t<a href=\"https:\/\/partyraum-roos.ch\/wp-content\/gallery\/gallerie\/DSC09132.JPG\"\n\t\t\t\ttitle=\"\"\n\t\t\t\tdata-src=\"https:\/\/partyraum-roos.ch\/wp-content\/gallery\/gallerie\/DSC09132.JPG\"\n\t\t\t\tdata-thumbnail=\"https:\/\/partyraum-roos.ch\/wp-content\/gallery\/gallerie\/thumbs\/thumbs_DSC09132.JPG\"\n\t\t\t\tdata-image-id=\"11\"\n\t\t\t\tdata-title=\"SONY DSC\"\n\t\t\t\tdata-description=\"\"\n\t\t\t\tdata-image-slug=\"dsc09132-jpg\"\n\t\t\t\tclass=\"ngg-fancybox\" rel=\"38570c37f84ae83d473c6ca6f47e283f\">\n\t\t\t\t<img\n\t\t\t\t\ttitle=\"SONY DSC\"\n\t\t\t\t\talt=\"SONY DSC\"\n\t\t\t\t\tsrc=\"https:\/\/partyraum-roos.ch\/wp-content\/gallery\/gallerie\/thumbs\/thumbs_DSC09132.JPG\"\n\t\t\t\t\twidth=\"120\"\n\t\t\t\t\theight=\"90\"\n\t\t\t\t\tstyle=\"max-width:100%;\"\n\t\t\t\t\/>\n\t\t\t<\/a>\n\t\t<\/div>\n\t\t\t\t\t\t\t<\/div>\n\t\t\t\n\t\t\n\t\t\t\t<div id=\"ngg-image-9\" class=\"ngg-gallery-thumbnail-box\"\n\t\t\t\t\t\t\t\t\t\t\t>\n\t\t\t\t\t\t<div class=\"ngg-gallery-thumbnail\">\n\t\t\t<a href=\"https:\/\/partyraum-roos.ch\/wp-content\/gallery\/gallerie\/DSCN0284.JPG\"\n\t\t\t\ttitle=\"\"\n\t\t\t\tdata-src=\"https:\/\/partyraum-roos.ch\/wp-content\/gallery\/gallerie\/DSCN0284.JPG\"\n\t\t\t\tdata-thumbnail=\"https:\/\/partyraum-roos.ch\/wp-content\/gallery\/gallerie\/thumbs\/thumbs_DSCN0284.JPG\"\n\t\t\t\tdata-image-id=\"12\"\n\t\t\t\tdata-title=\"DSCN0284.JPG\"\n\t\t\t\tdata-description=\"\"\n\t\t\t\tdata-image-slug=\"dscn0284-jpg\"\n\t\t\t\tclass=\"ngg-fancybox\" rel=\"38570c37f84ae83d473c6ca6f47e283f\">\n\t\t\t\t<img\n\t\t\t\t\ttitle=\"DSCN0284.JPG\"\n\t\t\t\t\talt=\"DSCN0284.JPG\"\n\t\t\t\t\tsrc=\"https:\/\/partyraum-roos.ch\/wp-content\/gallery\/gallerie\/thumbs\/thumbs_DSCN0284.JPG\"\n\t\t\t\t\twidth=\"120\"\n\t\t\t\t\theight=\"90\"\n\t\t\t\t\tstyle=\"max-width:100%;\"\n\t\t\t\t\/>\n\t\t\t<\/a>\n\t\t<\/div>\n\t\t\t\t\t\t\t<\/div>\n\t\t\t\n\t\t\n\t\t\t\t<div id=\"ngg-image-10\" class=\"ngg-gallery-thumbnail-box\"\n\t\t\t\t\t\t\t\t\t\t\t>\n\t\t\t\t\t\t<div class=\"ngg-gallery-thumbnail\">\n\t\t\t<a href=\"https:\/\/partyraum-roos.ch\/wp-content\/gallery\/gallerie\/DSCN0287.JPG\"\n\t\t\t\ttitle=\"\"\n\t\t\t\tdata-src=\"https:\/\/partyraum-roos.ch\/wp-content\/gallery\/gallerie\/DSCN0287.JPG\"\n\t\t\t\tdata-thumbnail=\"https:\/\/partyraum-roos.ch\/wp-content\/gallery\/gallerie\/thumbs\/thumbs_DSCN0287.JPG\"\n\t\t\t\tdata-image-id=\"13\"\n\t\t\t\tdata-title=\"DSCN0287.JPG\"\n\t\t\t\tdata-description=\"\"\n\t\t\t\tdata-image-slug=\"dscn0287-jpg\"\n\t\t\t\tclass=\"ngg-fancybox\" rel=\"38570c37f84ae83d473c6ca6f47e283f\">\n\t\t\t\t<img\n\t\t\t\t\ttitle=\"DSCN0287.JPG\"\n\t\t\t\t\talt=\"DSCN0287.JPG\"\n\t\t\t\t\tsrc=\"https:\/\/partyraum-roos.ch\/wp-content\/gallery\/gallerie\/thumbs\/thumbs_DSCN0287.JPG\"\n\t\t\t\t\twidth=\"120\"\n\t\t\t\t\theight=\"90\"\n\t\t\t\t\tstyle=\"max-width:100%;\"\n\t\t\t\t\/>\n\t\t\t<\/a>\n\t\t<\/div>\n\t\t\t\t\t\t\t<\/div>\n\t\t\t\n\t\t\n\t\t\t\t<div id=\"ngg-image-11\" class=\"ngg-gallery-thumbnail-box\"\n\t\t\t\t\t\t\t\t\t\t\t>\n\t\t\t\t\t\t<div class=\"ngg-gallery-thumbnail\">\n\t\t\t<a href=\"https:\/\/partyraum-roos.ch\/wp-content\/gallery\/gallerie\/DSCN0288.JPG\"\n\t\t\t\ttitle=\"\"\n\t\t\t\tdata-src=\"https:\/\/partyraum-roos.ch\/wp-content\/gallery\/gallerie\/DSCN0288.JPG\"\n\t\t\t\tdata-thumbnail=\"https:\/\/partyraum-roos.ch\/wp-content\/gallery\/gallerie\/thumbs\/thumbs_DSCN0288.JPG\"\n\t\t\t\tdata-image-id=\"14\"\n\t\t\t\tdata-title=\"DSCN0288.JPG\"\n\t\t\t\tdata-description=\"\"\n\t\t\t\tdata-image-slug=\"dscn0288-jpg\"\n\t\t\t\tclass=\"ngg-fancybox\" rel=\"38570c37f84ae83d473c6ca6f47e283f\">\n\t\t\t\t<img\n\t\t\t\t\ttitle=\"DSCN0288.JPG\"\n\t\t\t\t\talt=\"DSCN0288.JPG\"\n\t\t\t\t\tsrc=\"https:\/\/partyraum-roos.ch\/wp-content\/gallery\/gallerie\/thumbs\/thumbs_DSCN0288.JPG\"\n\t\t\t\t\twidth=\"120\"\n\t\t\t\t\theight=\"90\"\n\t\t\t\t\tstyle=\"max-width:100%;\"\n\t\t\t\t\/>\n\t\t\t<\/a>\n\t\t<\/div>\n\t\t\t\t\t\t\t<\/div>\n\t\t\t\n\t\t\n\t\t\t\t<div id=\"ngg-image-12\" class=\"ngg-gallery-thumbnail-box\"\n\t\t\t\t\t\t\t\t\t\t\t>\n\t\t\t\t\t\t<div class=\"ngg-gallery-thumbnail\">\n\t\t\t<a href=\"https:\/\/partyraum-roos.ch\/wp-content\/gallery\/gallerie\/IMG_0196.JPG\"\n\t\t\t\ttitle=\"\"\n\t\t\t\tdata-src=\"https:\/\/partyraum-roos.ch\/wp-content\/gallery\/gallerie\/IMG_0196.JPG\"\n\t\t\t\tdata-thumbnail=\"https:\/\/partyraum-roos.ch\/wp-content\/gallery\/gallerie\/thumbs\/thumbs_IMG_0196.JPG\"\n\t\t\t\tdata-image-id=\"15\"\n\t\t\t\tdata-title=\"IMG_0196.JPG\"\n\t\t\t\tdata-description=\"\"\n\t\t\t\tdata-image-slug=\"img_0196-jpg\"\n\t\t\t\tclass=\"ngg-fancybox\" rel=\"38570c37f84ae83d473c6ca6f47e283f\">\n\t\t\t\t<img\n\t\t\t\t\ttitle=\"IMG_0196.JPG\"\n\t\t\t\t\talt=\"IMG_0196.JPG\"\n\t\t\t\t\tsrc=\"https:\/\/partyraum-roos.ch\/wp-content\/gallery\/gallerie\/thumbs\/thumbs_IMG_0196.JPG\"\n\t\t\t\t\twidth=\"120\"\n\t\t\t\t\theight=\"90\"\n\t\t\t\t\tstyle=\"max-width:100%;\"\n\t\t\t\t\/>\n\t\t\t<\/a>\n\t\t<\/div>\n\t\t\t\t\t\t\t<\/div>\n\t\t\t\n\t\t\n\t\t\t\t<div id=\"ngg-image-13\" class=\"ngg-gallery-thumbnail-box\"\n\t\t\t\t\t\t\t\t\t\t\t>\n\t\t\t\t\t\t<div class=\"ngg-gallery-thumbnail\">\n\t\t\t<a href=\"https:\/\/partyraum-roos.ch\/wp-content\/gallery\/gallerie\/IMG_0277.JPG\"\n\t\t\t\ttitle=\"\"\n\t\t\t\tdata-src=\"https:\/\/partyraum-roos.ch\/wp-content\/gallery\/gallerie\/IMG_0277.JPG\"\n\t\t\t\tdata-thumbnail=\"https:\/\/partyraum-roos.ch\/wp-content\/gallery\/gallerie\/thumbs\/thumbs_IMG_0277.JPG\"\n\t\t\t\tdata-image-id=\"16\"\n\t\t\t\tdata-title=\"IMG_0277.JPG\"\n\t\t\t\tdata-description=\"\"\n\t\t\t\tdata-image-slug=\"img_0277-jpg\"\n\t\t\t\tclass=\"ngg-fancybox\" rel=\"38570c37f84ae83d473c6ca6f47e283f\">\n\t\t\t\t<img\n\t\t\t\t\ttitle=\"IMG_0277.JPG\"\n\t\t\t\t\talt=\"IMG_0277.JPG\"\n\t\t\t\t\tsrc=\"https:\/\/partyraum-roos.ch\/wp-content\/gallery\/gallerie\/thumbs\/thumbs_IMG_0277.JPG\"\n\t\t\t\t\twidth=\"120\"\n\t\t\t\t\theight=\"90\"\n\t\t\t\t\tstyle=\"max-width:100%;\"\n\t\t\t\t\/>\n\t\t\t<\/a>\n\t\t<\/div>\n\t\t\t\t\t\t\t<\/div>\n\t\t\t\n\t\t\n\t\t\t\t<div id=\"ngg-image-14\" class=\"ngg-gallery-thumbnail-box\"\n\t\t\t\t\t\t\t\t\t\t\t>\n\t\t\t\t\t\t<div class=\"ngg-gallery-thumbnail\">\n\t\t\t<a href=\"https:\/\/partyraum-roos.ch\/wp-content\/gallery\/gallerie\/IMG_1631.JPG\"\n\t\t\t\ttitle=\"\"\n\t\t\t\tdata-src=\"https:\/\/partyraum-roos.ch\/wp-content\/gallery\/gallerie\/IMG_1631.JPG\"\n\t\t\t\tdata-thumbnail=\"https:\/\/partyraum-roos.ch\/wp-content\/gallery\/gallerie\/thumbs\/thumbs_IMG_1631.JPG\"\n\t\t\t\tdata-image-id=\"17\"\n\t\t\t\tdata-title=\"IMG_1631.JPG\"\n\t\t\t\tdata-description=\"\"\n\t\t\t\tdata-image-slug=\"img_1631-jpg\"\n\t\t\t\tclass=\"ngg-fancybox\" rel=\"38570c37f84ae83d473c6ca6f47e283f\">\n\t\t\t\t<img\n\t\t\t\t\ttitle=\"IMG_1631.JPG\"\n\t\t\t\t\talt=\"IMG_1631.JPG\"\n\t\t\t\t\tsrc=\"https:\/\/partyraum-roos.ch\/wp-content\/gallery\/gallerie\/thumbs\/thumbs_IMG_1631.JPG\"\n\t\t\t\t\twidth=\"120\"\n\t\t\t\t\theight=\"90\"\n\t\t\t\t\tstyle=\"max-width:100%;\"\n\t\t\t\t\/>\n\t\t\t<\/a>\n\t\t<\/div>\n\t\t\t\t\t\t\t<\/div>\n\t\t\t\n\t\t\n\t\t\t\t<div id=\"ngg-image-15\" class=\"ngg-gallery-thumbnail-box\"\n\t\t\t\t\t\t\t\t\t\t\t>\n\t\t\t\t\t\t<div class=\"ngg-gallery-thumbnail\">\n\t\t\t<a href=\"https:\/\/partyraum-roos.ch\/wp-content\/gallery\/gallerie\/IMG_1633.JPG\"\n\t\t\t\ttitle=\"\"\n\t\t\t\tdata-src=\"https:\/\/partyraum-roos.ch\/wp-content\/gallery\/gallerie\/IMG_1633.JPG\"\n\t\t\t\tdata-thumbnail=\"https:\/\/partyraum-roos.ch\/wp-content\/gallery\/gallerie\/thumbs\/thumbs_IMG_1633.JPG\"\n\t\t\t\tdata-image-id=\"18\"\n\t\t\t\tdata-title=\"IMG_1633.JPG\"\n\t\t\t\tdata-description=\"\"\n\t\t\t\tdata-image-slug=\"img_1633-jpg\"\n\t\t\t\tclass=\"ngg-fancybox\" rel=\"38570c37f84ae83d473c6ca6f47e283f\">\n\t\t\t\t<img\n\t\t\t\t\ttitle=\"IMG_1633.JPG\"\n\t\t\t\t\talt=\"IMG_1633.JPG\"\n\t\t\t\t\tsrc=\"https:\/\/partyraum-roos.ch\/wp-content\/gallery\/gallerie\/thumbs\/thumbs_IMG_1633.JPG\"\n\t\t\t\t\twidth=\"120\"\n\t\t\t\t\theight=\"90\"\n\t\t\t\t\tstyle=\"max-width:100%;\"\n\t\t\t\t\/>\n\t\t\t<\/a>\n\t\t<\/div>\n\t\t\t\t\t\t\t<\/div>\n\t\t\t\n\t\t\n\t\t\t\t<div id=\"ngg-image-16\" class=\"ngg-gallery-thumbnail-box\"\n\t\t\t\t\t\t\t\t\t\t\t>\n\t\t\t\t\t\t<div class=\"ngg-gallery-thumbnail\">\n\t\t\t<a href=\"https:\/\/partyraum-roos.ch\/wp-content\/gallery\/gallerie\/IMG_1724.JPG\"\n\t\t\t\ttitle=\"\"\n\t\t\t\tdata-src=\"https:\/\/partyraum-roos.ch\/wp-content\/gallery\/gallerie\/IMG_1724.JPG\"\n\t\t\t\tdata-thumbnail=\"https:\/\/partyraum-roos.ch\/wp-content\/gallery\/gallerie\/thumbs\/thumbs_IMG_1724.JPG\"\n\t\t\t\tdata-image-id=\"20\"\n\t\t\t\tdata-title=\"IMG_1724.JPG\"\n\t\t\t\tdata-description=\"\"\n\t\t\t\tdata-image-slug=\"img_1724-jpg\"\n\t\t\t\tclass=\"ngg-fancybox\" rel=\"38570c37f84ae83d473c6ca6f47e283f\">\n\t\t\t\t<img\n\t\t\t\t\ttitle=\"IMG_1724.JPG\"\n\t\t\t\t\talt=\"IMG_1724.JPG\"\n\t\t\t\t\tsrc=\"https:\/\/partyraum-roos.ch\/wp-content\/gallery\/gallerie\/thumbs\/thumbs_IMG_1724.JPG\"\n\t\t\t\t\twidth=\"120\"\n\t\t\t\t\theight=\"90\"\n\t\t\t\t\tstyle=\"max-width:100%;\"\n\t\t\t\t\/>\n\t\t\t<\/a>\n\t\t<\/div>\n\t\t\t\t\t\t\t<\/div>\n\t\t\t\n\t\t\n\t\t\t\t<div id=\"ngg-image-17\" class=\"ngg-gallery-thumbnail-box\"\n\t\t\t\t\t\t\t\t\t\t\t>\n\t\t\t\t\t\t<div class=\"ngg-gallery-thumbnail\">\n\t\t\t<a href=\"https:\/\/partyraum-roos.ch\/wp-content\/gallery\/gallerie\/IMG_1635.JPG\"\n\t\t\t\ttitle=\"\"\n\t\t\t\tdata-src=\"https:\/\/partyraum-roos.ch\/wp-content\/gallery\/gallerie\/IMG_1635.JPG\"\n\t\t\t\tdata-thumbnail=\"https:\/\/partyraum-roos.ch\/wp-content\/gallery\/gallerie\/thumbs\/thumbs_IMG_1635.JPG\"\n\t\t\t\tdata-image-id=\"19\"\n\t\t\t\tdata-title=\"IMG_1635.JPG\"\n\t\t\t\tdata-description=\"\"\n\t\t\t\tdata-image-slug=\"img_1635-jpg\"\n\t\t\t\tclass=\"ngg-fancybox\" rel=\"38570c37f84ae83d473c6ca6f47e283f\">\n\t\t\t\t<img\n\t\t\t\t\ttitle=\"IMG_1635.JPG\"\n\t\t\t\t\talt=\"IMG_1635.JPG\"\n\t\t\t\t\tsrc=\"https:\/\/partyraum-roos.ch\/wp-content\/gallery\/gallerie\/thumbs\/thumbs_IMG_1635.JPG\"\n\t\t\t\t\twidth=\"120\"\n\t\t\t\t\theight=\"90\"\n\t\t\t\t\tstyle=\"max-width:100%;\"\n\t\t\t\t\/>\n\t\t\t<\/a>\n\t\t<\/div>\n\t\t\t\t\t\t\t<\/div>\n\t\t\t\n\t\t\n\t\t\t\t<div id=\"ngg-image-18\" class=\"ngg-gallery-thumbnail-box\"\n\t\t\t\t\t\t\t\t\t\t\t>\n\t\t\t\t\t\t<div class=\"ngg-gallery-thumbnail\">\n\t\t\t<a href=\"https:\/\/partyraum-roos.ch\/wp-content\/gallery\/gallerie\/DSC04049-001.jpg\"\n\t\t\t\ttitle=\"\"\n\t\t\t\tdata-src=\"https:\/\/partyraum-roos.ch\/wp-content\/gallery\/gallerie\/DSC04049-001.jpg\"\n\t\t\t\tdata-thumbnail=\"https:\/\/partyraum-roos.ch\/wp-content\/gallery\/gallerie\/thumbs\/thumbs_DSC04049-001.jpg\"\n\t\t\t\tdata-image-id=\"200\"\n\t\t\t\tdata-title=\"DSC04049-001\"\n\t\t\t\tdata-description=\"\"\n\t\t\t\tdata-image-slug=\"dsc04049-001\"\n\t\t\t\tclass=\"ngg-fancybox\" rel=\"38570c37f84ae83d473c6ca6f47e283f\">\n\t\t\t\t<img\n\t\t\t\t\ttitle=\"DSC04049-001\"\n\t\t\t\t\talt=\"DSC04049-001\"\n\t\t\t\t\tsrc=\"https:\/\/partyraum-roos.ch\/wp-content\/gallery\/gallerie\/thumbs\/thumbs_DSC04049-001.jpg\"\n\t\t\t\t\twidth=\"120\"\n\t\t\t\t\theight=\"90\"\n\t\t\t\t\tstyle=\"max-width:100%;\"\n\t\t\t\t\/>\n\t\t\t<\/a>\n\t\t<\/div>\n\t\t\t\t\t\t\t<\/div>\n\t\t\t\n\t\t\n\t\t\t\t<div id=\"ngg-image-19\" class=\"ngg-gallery-thumbnail-box\"\n\t\t\t\t\t\t\t\t\t\t\t>\n\t\t\t\t\t\t<div class=\"ngg-gallery-thumbnail\">\n\t\t\t<a href=\"https:\/\/partyraum-roos.ch\/wp-content\/gallery\/gallerie\/DSC09129-001.jpg\"\n\t\t\t\ttitle=\"\"\n\t\t\t\tdata-src=\"https:\/\/partyraum-roos.ch\/wp-content\/gallery\/gallerie\/DSC09129-001.jpg\"\n\t\t\t\tdata-thumbnail=\"https:\/\/partyraum-roos.ch\/wp-content\/gallery\/gallerie\/thumbs\/thumbs_DSC09129-001.jpg\"\n\t\t\t\tdata-image-id=\"201\"\n\t\t\t\tdata-title=\"SONY DSC\"\n\t\t\t\tdata-description=\"\"\n\t\t\t\tdata-image-slug=\"dsc09129-001\"\n\t\t\t\tclass=\"ngg-fancybox\" rel=\"38570c37f84ae83d473c6ca6f47e283f\">\n\t\t\t\t<img\n\t\t\t\t\ttitle=\"SONY DSC\"\n\t\t\t\t\talt=\"SONY DSC\"\n\t\t\t\t\tsrc=\"https:\/\/partyraum-roos.ch\/wp-content\/gallery\/gallerie\/thumbs\/thumbs_DSC09129-001.jpg\"\n\t\t\t\t\twidth=\"120\"\n\t\t\t\t\theight=\"90\"\n\t\t\t\t\tstyle=\"max-width:100%;\"\n\t\t\t\t\/>\n\t\t\t<\/a>\n\t\t<\/div>\n\t\t\t\t\t\t\t<\/div>\n\t\t\t\n\t\t\n\t\t\n\t\t<!-- Pagination -->\n\t\t<div class='ngg-navigation'><span class='current'>1<\/span>\n<a class='page-numbers' data-pageid='2' href='https:\/\/partyraum-roos.ch\/index.php\/nggallery\/page\/2?page_id=66'>2<\/a>\n<a class='page-numbers' data-pageid='3' href='https:\/\/partyraum-roos.ch\/index.php\/nggallery\/page\/3?page_id=66'>3<\/a>\n<a class='prev' href='https:\/\/partyraum-roos.ch\/index.php\/nggallery\/page\/2?page_id=66' data-pageid=2>&#9658;<\/a><\/div>\t<\/div>\n<\/p>\n","protected":false},"excerpt":{"rendered":"<p>Unser Partyraum ist sehr gross und bietet Platz f\u00fcr max. 100 Personen. Der Raum hat zus\u00e4tzlich eine Galerie welche mit einer Lounge ausgestattet ist. Ein Balkon l\u00e4dt zum Verweilen ein. Es sind 12 Tische (90 x 250 cm) vorhanden. Zus\u00e4tzlich sind noch vier Steh-Bar-Tische verf\u00fcgbar. &nbsp; [Zeige als Diashow] 1 2 3 &#9658;<\/p>\n","protected":false},"author":1,"featured_media":0,"parent":0,"menu_order":1,"comment_status":"closed","ping_status":"closed","template":"","meta":{"ngg_post_thumbnail":0,"footnotes":""},"class_list":["post-66","page","type-page","status-publish","hentry"],"_links":{"self":[{"href":"https:\/\/partyraum-roos.ch\/index.php?rest_route=\/wp\/v2\/pages\/66","targetHints":{"allow":["GET"]}}],"collection":[{"href":"https:\/\/partyraum-roos.ch\/index.php?rest_route=\/wp\/v2\/pages"}],"about":[{"href":"https:\/\/partyraum-roos.ch\/index.php?rest_route=\/wp\/v2\/types\/page"}],"author":[{"embeddable":true,"href":"https:\/\/partyraum-roos.ch\/index.php?rest_route=\/wp\/v2\/users\/1"}],"replies":[{"embeddable":true,"href":"https:\/\/partyraum-roos.ch\/index.php?rest_route=%2Fwp%2Fv2%2Fcomments&post=66"}],"version-history":[{"count":15,"href":"https:\/\/partyraum-roos.ch\/index.php?rest_route=\/wp\/v2\/pages\/66\/revisions"}],"predecessor-version":[{"id":1029,"href":"https:\/\/partyraum-roos.ch\/index.php?rest_route=\/wp\/v2\/pages\/66\/revisions\/1029"}],"wp:attachment":[{"href":"https:\/\/partyraum-roos.ch\/index.php?rest_route=%2Fwp%2Fv2%2Fmedia&parent=66"}],"curies":[{"name":"wp","href":"https:\/\/api.w.org\/{rel}","templated":true}]}}