{"id":68,"date":"2015-02-08T20:09:48","date_gmt":"2015-02-08T20:09:48","guid":{"rendered":"http:\/\/partyraum-roos.ch\/?page_id=68"},"modified":"2024-10-31T09:12:58","modified_gmt":"2024-10-31T09:12:58","slug":"kueche","status":"publish","type":"page","link":"https:\/\/partyraum-roos.ch\/?page_id=68","title":{"rendered":"K\u00fcche"},"content":{"rendered":"<p>Die K\u00fcche ist zweckm\u00e4ssig eingerichtet. Sie verf\u00fcgt \u00fcber eine grosse Abstellfl\u00e4che, Gastro-Geschirrsp\u00fcler, Kaffeemaschine und drei K\u00fchlschr\u00e4nke.<\/p>\n<p>F\u00fcr 100 Personen stehen Trink-, Wein- und Kaffeegl\u00e4ser, Kaffeetassen mit Unterteller sowie Suppen-, Dessert- und Flachteller und Besteck zur Verf\u00fcgung.<\/p>\n<p><img loading=\"lazy\" decoding=\"async\" class=\"alignnone size-large wp-image-86\" src=\"http:\/\/partyraum-roos.ch\/wp-content\/uploads\/2015\/02\/DSCN0288-1024x768.jpg\" alt=\"DSCN0288\" width=\"640\" height=\"480\" srcset=\"https:\/\/partyraum-roos.ch\/wp-content\/uploads\/2015\/02\/DSCN0288.jpg 1024w, https:\/\/partyraum-roos.ch\/wp-content\/uploads\/2015\/02\/DSCN0288-300x225.jpg 300w\" sizes=\"auto, (max-width: 640px) 100vw, 640px\" \/><\/p>\n","protected":false},"excerpt":{"rendered":"<p>Die K\u00fcche ist zweckm\u00e4ssig eingerichtet. Sie verf\u00fcgt \u00fcber eine grosse Abstellfl\u00e4che, Gastro-Geschirrsp\u00fcler, Kaffeemaschine und drei K\u00fchlschr\u00e4nke. F\u00fcr 100 Personen stehen Trink-, Wein- und Kaffeegl\u00e4ser, Kaffeetassen mit Unterteller sowie Suppen-, Dessert- und Flachteller und Besteck zur Verf\u00fcgung.<\/p>\n","protected":false},"author":1,"featured_media":0,"parent":0,"menu_order":2,"comment_status":"closed","ping_status":"closed","template":"","meta":{"ngg_post_thumbnail":0,"footnotes":""},"class_list":["post-68","page","type-page","status-publish","hentry"],"_links":{"self":[{"href":"https:\/\/partyraum-roos.ch\/index.php?rest_route=\/wp\/v2\/pages\/68","targetHints":{"allow":["GET"]}}],"collection":[{"href":"https:\/\/partyraum-roos.ch\/index.php?rest_route=\/wp\/v2\/pages"}],"about":[{"href":"https:\/\/partyraum-roos.ch\/index.php?rest_route=\/wp\/v2\/types\/page"}],"author":[{"embeddable":true,"href":"https:\/\/partyraum-roos.ch\/index.php?rest_route=\/wp\/v2\/users\/1"}],"replies":[{"embeddable":true,"href":"https:\/\/partyraum-roos.ch\/index.php?rest_route=%2Fwp%2Fv2%2Fcomments&post=68"}],"version-history":[{"count":5,"href":"https:\/\/partyraum-roos.ch\/index.php?rest_route=\/wp\/v2\/pages\/68\/revisions"}],"predecessor-version":[{"id":946,"href":"https:\/\/partyraum-roos.ch\/index.php?rest_route=\/wp\/v2\/pages\/68\/revisions\/946"}],"wp:attachment":[{"href":"https:\/\/partyraum-roos.ch\/index.php?rest_route=%2Fwp%2Fv2%2Fmedia&parent=68"}],"curies":[{"name":"wp","href":"https:\/\/api.w.org\/{rel}","templated":true}]}}