{"id":70,"date":"2015-02-08T20:10:54","date_gmt":"2015-02-08T20:10:54","guid":{"rendered":"http:\/\/partyraum-roos.ch\/?page_id=70"},"modified":"2025-11-06T17:55:05","modified_gmt":"2025-11-06T17:55:05","slug":"reservation","status":"publish","type":"page","link":"https:\/\/partyraum-roos.ch\/?page_id=70","title":{"rendered":"Reservation"},"content":{"rendered":"<p>Wir freuen uns \u00fcber Ihr Interesse. Sie k\u00f6nnen Ihre Reservation oder Anfrage per E-Mail oder per Telefon vornehmen:<\/p>\n<p>Tel. 077 408 17 96 \/ Roos Jessica<br \/>\n<a href=\"mailto:moos-stoebli@bluewin.ch\">moos-stoebli@bluewin.ch<\/a><\/p>\n<p>Das Moos-St\u00f6bli ist das ganze Jahr ge\u00f6ffnet.<br \/>\nDas komplette Angebot gibt es f\u00fcr Fr. 500.00 pro Tag. Die Mietdauer gilt in der Regel ab 9.00 Uhr, ausser am Freitagabend erst um 17.30 Uhr, bis zum n\u00e4chsten Morgen bis 5.00 Uhr.<br \/>\nIm Preis inbegriffen sind Mobiliar, Geschirr, K\u00fcchen- und Handt\u00fccher, Abwaschmaschine, WC-Papier, Heizung, Wasser und Strom.<\/p>\n<p><a href=\"https:\/\/partyraum-roos.ch\/wp-content\/uploads\/2025\/11\/Benutzungsordnung-Moosstoebli.pdf\">Benutzungsordnung Moosst\u00f6bli<\/a><\/p>\n","protected":false},"excerpt":{"rendered":"<p>Wir freuen uns \u00fcber Ihr Interesse. Sie k\u00f6nnen Ihre Reservation oder Anfrage per E-Mail oder per Telefon vornehmen: Tel. 077 408 17 96 \/ Roos Jessica moos-stoebli@bluewin.ch Das Moos-St\u00f6bli ist das ganze Jahr ge\u00f6ffnet. Das komplette Angebot gibt es f\u00fcr Fr. 500.00 pro Tag. Die Mietdauer gilt in der Regel ab 9.00 Uhr, ausser am [&hellip;]<\/p>\n","protected":false},"author":1,"featured_media":0,"parent":0,"menu_order":3,"comment_status":"closed","ping_status":"closed","template":"","meta":{"ngg_post_thumbnail":0,"footnotes":""},"class_list":["post-70","page","type-page","status-publish","hentry"],"_links":{"self":[{"href":"https:\/\/partyraum-roos.ch\/index.php?rest_route=\/wp\/v2\/pages\/70","targetHints":{"allow":["GET"]}}],"collection":[{"href":"https:\/\/partyraum-roos.ch\/index.php?rest_route=\/wp\/v2\/pages"}],"about":[{"href":"https:\/\/partyraum-roos.ch\/index.php?rest_route=\/wp\/v2\/types\/page"}],"author":[{"embeddable":true,"href":"https:\/\/partyraum-roos.ch\/index.php?rest_route=\/wp\/v2\/users\/1"}],"replies":[{"embeddable":true,"href":"https:\/\/partyraum-roos.ch\/index.php?rest_route=%2Fwp%2Fv2%2Fcomments&post=70"}],"version-history":[{"count":50,"href":"https:\/\/partyraum-roos.ch\/index.php?rest_route=\/wp\/v2\/pages\/70\/revisions"}],"predecessor-version":[{"id":1032,"href":"https:\/\/partyraum-roos.ch\/index.php?rest_route=\/wp\/v2\/pages\/70\/revisions\/1032"}],"wp:attachment":[{"href":"https:\/\/partyraum-roos.ch\/index.php?rest_route=%2Fwp%2Fv2%2Fmedia&parent=70"}],"curies":[{"name":"wp","href":"https:\/\/api.w.org\/{rel}","templated":true}]}}